{"id":688,"date":"2020-05-06T01:51:02","date_gmt":"2020-05-06T04:51:02","guid":{"rendered":"http:\/\/emergencia1.com\/treinamentos\/?page_id=688"},"modified":"2020-05-06T02:19:25","modified_gmt":"2020-05-06T05:19:25","slug":"manual-obg","status":"publish","type":"page","link":"https:\/\/emergencia1.com\/treinamentos\/manual-obg\/","title":{"rendered":"Manual de APH &#8211; Obrigado."},"content":{"rendered":"\t\t<div data-elementor-type=\"wp-page\" data-elementor-id=\"688\" class=\"elementor elementor-688\" data-elementor-settings=\"[]\">\n\t\t\t<div class=\"elementor-inner\">\n\t\t\t\t<div class=\"elementor-section-wrap\">\n\t\t\t\t\t\t\t<section class=\"elementor-element elementor-element-3e32e1c3 elementor-section-boxed elementor-section-height-default elementor-section-height-default elementor-section elementor-top-section\" data-id=\"3e32e1c3\" data-element_type=\"section\" data-settings=\"{&quot;background_background&quot;:&quot;classic&quot;}\">\n\t\t\t\t\t\t<div class=\"elementor-container elementor-column-gap-default\">\n\t\t\t\t<div class=\"elementor-row\">\n\t\t\t\t<div class=\"elementor-element elementor-element-4449d021 elementor-column elementor-col-100 elementor-top-column\" data-id=\"4449d021\" data-element_type=\"column\">\n\t\t\t<div class=\"elementor-column-wrap  elementor-element-populated\">\n\t\t\t\t\t<div class=\"elementor-widget-wrap\">\n\t\t\t\t<div class=\"elementor-element elementor-element-24b5fc7 elementor-widget elementor-widget-heading\" data-id=\"24b5fc7\" data-element_type=\"widget\" data-widget_type=\"heading.default\">\n\t\t\t\t<div class=\"elementor-widget-container\">\n\t\t\t<h3 class=\"elementor-heading-title elementor-size-large\"><b>importante:<\/b><\/h3>\t\t<\/div>\n\t\t\t\t<\/div>\n\t\t\t\t<div class=\"elementor-element elementor-element-0a4d873 elementor-widget elementor-widget-heading\" data-id=\"0a4d873\" data-element_type=\"widget\" data-widget_type=\"heading.default\">\n\t\t\t\t<div class=\"elementor-widget-container\">\n\t\t\t<h3 class=\"elementor-heading-title elementor-size-large\">Antes de voc\u00ea baixar o Manual de APH que j\u00e1 foi enviado no seu email...<\/h3>\t\t<\/div>\n\t\t\t\t<\/div>\n\t\t\t\t<div class=\"elementor-element elementor-element-3999817 elementor-widget elementor-widget-heading\" data-id=\"3999817\" data-element_type=\"widget\" data-widget_type=\"heading.default\">\n\t\t\t\t<div class=\"elementor-widget-container\">\n\t\t\t<h2 class=\"elementor-heading-title elementor-size-medium\">Voc\u00ea s\u00f3 vai ver essa p\u00e1gina uma vez, ent\u00e3o assista o v\u00eddeo com aten\u00e7\u00e3o, \u00e9 realmente importante... Clique agora no v\u00eddeo abaixo.<\/h2>\t\t<\/div>\n\t\t\t\t<\/div>\n\t\t\t\t<div class=\"elementor-element elementor-element-f0efe68 elementor-aspect-ratio-169 elementor-widget elementor-widget-video\" data-id=\"f0efe68\" data-element_type=\"widget\" data-settings=\"{&quot;aspect_ratio&quot;:&quot;169&quot;}\" data-widget_type=\"video.default\">\n\t\t\t\t<div class=\"elementor-widget-container\">\n\t\t\t\t\t<div class=\"elementor-wrapper elementor-fit-aspect-ratio elementor-open-inline\">\n\t\t\t<iframe class=\"elementor-video-iframe\" allowfullscreen title=\"youtube Video Player\" src=\"https:\/\/www.youtube.com\/embed\/s8tJf6FRbb0?feature=oembed&amp;start&amp;end&amp;wmode=opaque&amp;loop=0&amp;controls=1&amp;mute=0&amp;rel=0&amp;modestbranding=0\"><\/iframe>\t\t<\/div>\n\t\t\t\t<\/div>\n\t\t\t\t<\/div>\n\t\t\t\t<div class=\"elementor-element elementor-element-b134cd9 elementor-invisible elementor-widget elementor-widget-image\" data-id=\"b134cd9\" data-element_type=\"widget\" data-settings=\"{&quot;_animation&quot;:&quot;fadeIn&quot;,&quot;_animation_delay&quot;:30000}\" data-widget_type=\"image.default\">\n\t\t\t\t<div class=\"elementor-widget-container\">\n\t\t\t\t\t<div class=\"elementor-image\">\n\t\t\t\t\t\t\t\t\t\t\t<a href=\"https:\/\/app.monetizze.com.br\/checkout\/PAV44374?src=UPSSEL\">\n\t\t\t\t\t\t\t<img loading=\"lazy\" width=\"580\" height=\"152\" src=\"https:\/\/emergencia1.com\/treinamentos\/wp-content\/uploads\/2020\/05\/botao.png\" class=\"attachment-large size-large\" alt=\"\" decoding=\"async\" srcset=\"https:\/\/emergencia1.com\/treinamentos\/wp-content\/uploads\/2020\/05\/botao.png 655w, https:\/\/emergencia1.com\/treinamentos\/wp-content\/uploads\/2020\/05\/botao-300x79.png 300w\" sizes=\"(max-width: 580px) 100vw, 580px\" \/>\t\t\t\t\t\t\t\t<\/a>\n\t\t\t\t\t\t\t\t\t\t\t<\/div>\n\t\t\t\t<\/div>\n\t\t\t\t<\/div>\n\t\t\t\t\t\t<\/div>\n\t\t\t<\/div>\n\t\t<\/div>\n\t\t\t\t\t\t<\/div>\n\t\t\t<\/div>\n\t\t<\/section>\n\t\t\t\t\t\t<\/div>\n\t\t\t<\/div>\n\t\t<\/div>\n\t\t","protected":false},"excerpt":{"rendered":"<p>importante: Antes de voc\u00ea baixar o Manual de APH que j\u00e1 foi enviado no seu email&#8230; Voc\u00ea s\u00f3 vai ver essa p\u00e1gina uma vez, ent\u00e3o assista o v\u00eddeo com aten\u00e7\u00e3o, \u00e9 realmente importante&#8230; Clique agora no v\u00eddeo abaixo.<\/p>\n","protected":false},"author":1,"featured_media":0,"parent":0,"menu_order":0,"comment_status":"closed","ping_status":"closed","template":"elementor_canvas","meta":{"footnotes":""},"_links":{"self":[{"href":"https:\/\/emergencia1.com\/treinamentos\/wp-json\/wp\/v2\/pages\/688"}],"collection":[{"href":"https:\/\/emergencia1.com\/treinamentos\/wp-json\/wp\/v2\/pages"}],"about":[{"href":"https:\/\/emergencia1.com\/treinamentos\/wp-json\/wp\/v2\/types\/page"}],"author":[{"embeddable":true,"href":"https:\/\/emergencia1.com\/treinamentos\/wp-json\/wp\/v2\/users\/1"}],"replies":[{"embeddable":true,"href":"https:\/\/emergencia1.com\/treinamentos\/wp-json\/wp\/v2\/comments?post=688"}],"version-history":[{"count":13,"href":"https:\/\/emergencia1.com\/treinamentos\/wp-json\/wp\/v2\/pages\/688\/revisions"}],"predecessor-version":[{"id":832,"href":"https:\/\/emergencia1.com\/treinamentos\/wp-json\/wp\/v2\/pages\/688\/revisions\/832"}],"wp:attachment":[{"href":"https:\/\/emergencia1.com\/treinamentos\/wp-json\/wp\/v2\/media?parent=688"}],"curies":[{"name":"wp","href":"https:\/\/api.w.org\/{rel}","templated":true}]}}