{"id":842,"date":"2020-10-30T21:33:09","date_gmt":"2020-10-31T00:33:09","guid":{"rendered":"http:\/\/emergencia1.com\/treinamentos\/?page_id=842"},"modified":"2020-11-21T22:50:26","modified_gmt":"2020-11-22T01:50:26","slug":"duvidas-aph","status":"publish","type":"page","link":"https:\/\/emergencia1.com\/treinamentos\/duvidas-aph\/","title":{"rendered":"Duvidas APH"},"content":{"rendered":"\t\t<div data-elementor-type=\"wp-page\" data-elementor-id=\"842\" class=\"elementor elementor-842\" data-elementor-settings=\"[]\">\n\t\t\t<div class=\"elementor-inner\">\n\t\t\t\t<div class=\"elementor-section-wrap\">\n\t\t\t\t\t\t\t<section class=\"elementor-element elementor-element-241d50fd elementor-section-boxed elementor-section-height-default elementor-section-height-default elementor-section elementor-top-section\" data-id=\"241d50fd\" data-element_type=\"section\" data-settings=\"{&quot;background_background&quot;:&quot;gradient&quot;}\">\n\t\t\t\t\t\t<div class=\"elementor-container elementor-column-gap-default\">\n\t\t\t\t<div class=\"elementor-row\">\n\t\t\t\t<div class=\"elementor-element elementor-element-2643f065 elementor-column elementor-col-100 elementor-top-column\" data-id=\"2643f065\" data-element_type=\"column\" data-settings=\"{&quot;background_background&quot;:&quot;classic&quot;}\">\n\t\t\t<div class=\"elementor-column-wrap  elementor-element-populated\">\n\t\t\t\t\t\t\t<div class=\"elementor-background-overlay\"><\/div>\n\t\t\t\t\t<div class=\"elementor-widget-wrap\">\n\t\t\t\t<div class=\"elementor-element elementor-element-50bd21d6 elementor-widget elementor-widget-spacer\" data-id=\"50bd21d6\" data-element_type=\"widget\" data-widget_type=\"spacer.default\">\n\t\t\t\t<div class=\"elementor-widget-container\">\n\t\t\t\t\t<div class=\"elementor-spacer\">\n\t\t\t<div class=\"elementor-spacer-inner\"><\/div>\n\t\t<\/div>\n\t\t\t\t<\/div>\n\t\t\t\t<\/div>\n\t\t\t\t<div class=\"elementor-element elementor-element-573d45cf elementor-widget elementor-widget-heading\" data-id=\"573d45cf\" data-element_type=\"widget\" data-widget_type=\"heading.default\">\n\t\t\t\t<div class=\"elementor-widget-container\">\n\t\t\t<h1 class=\"elementor-heading-title elementor-size-default\">Tire suas d\u00favidas!<\/h1>\t\t<\/div>\n\t\t\t\t<\/div>\n\t\t\t\t\t\t<\/div>\n\t\t\t<\/div>\n\t\t<\/div>\n\t\t\t\t\t\t<\/div>\n\t\t\t<\/div>\n\t\t<\/section>\n\t\t\t\t<section class=\"elementor-element elementor-element-60f5d77a elementor-section-boxed elementor-section-height-default elementor-section-height-default elementor-section elementor-top-section\" data-id=\"60f5d77a\" data-element_type=\"section\">\n\t\t\t\t\t\t<div class=\"elementor-container elementor-column-gap-default\">\n\t\t\t\t<div class=\"elementor-row\">\n\t\t\t\t<div class=\"elementor-element elementor-element-74f0a821 elementor-column elementor-col-100 elementor-top-column\" data-id=\"74f0a821\" data-element_type=\"column\">\n\t\t\t<div class=\"elementor-column-wrap  elementor-element-populated\">\n\t\t\t\t\t<div class=\"elementor-widget-wrap\">\n\t\t\t\t<div class=\"elementor-element elementor-element-36ac35a0 elementor-widget elementor-widget-heading\" data-id=\"36ac35a0\" data-element_type=\"widget\" data-widget_type=\"heading.default\">\n\t\t\t\t<div class=\"elementor-widget-container\">\n\t\t\t<h4 class=\"elementor-heading-title elementor-size-default\">POR FAVOR, LEIA COM ATEN\u00c7\u00c3O<\/h4>\t\t<\/div>\n\t\t\t\t<\/div>\n\t\t\t\t<div class=\"elementor-element elementor-element-10389d96 elementor-view-default elementor-vertical-align-top elementor-widget elementor-widget-icon-box\" data-id=\"10389d96\" data-element_type=\"widget\" data-widget_type=\"icon-box.default\">\n\t\t\t\t<div class=\"elementor-widget-container\">\n\t\t\t\t\t<div class=\"elementor-icon-box-wrapper\">\n\t\t\t\t\t\t<div class=\"elementor-icon-box-content\">\n\t\t\t\t<h3 class=\"elementor-icon-box-title\">\n\t\t\t\t\t<span >Quando o curso come\u00e7a, e como recebo o certificado?<\/span>\n\t\t\t\t<\/h3>\n\t\t\t\t\t\t\t\t<p class=\"elementor-icon-box-description\">O curso j\u00e1 se encontra na plataforma EAD, quando o aluno confirma sua inscri\u00e7\u00e3o ele recebe seu acesso e j\u00e1 pode come\u00e7ar a estudar e assim que completar todos os m\u00f3dulos o certificado e carteirinha ficam dispon\u00edveis para que sejam baixados.<\/p>\n\t\t\t\t\t\t\t<\/div>\n\t\t<\/div>\n\t\t\t\t<\/div>\n\t\t\t\t<\/div>\n\t\t\t\t<div class=\"elementor-element elementor-element-2aeae5b5 elementor-view-default elementor-vertical-align-top elementor-widget elementor-widget-icon-box\" data-id=\"2aeae5b5\" data-element_type=\"widget\" data-widget_type=\"icon-box.default\">\n\t\t\t\t<div class=\"elementor-widget-container\">\n\t\t\t\t\t<div class=\"elementor-icon-box-wrapper\">\n\t\t\t\t\t\t<div class=\"elementor-icon-box-content\">\n\t\t\t\t<h3 class=\"elementor-icon-box-title\">\n\t\t\t\t\t<span >Quanto custa o curso?<\/span>\n\t\t\t\t<\/h3>\n\t\t\t\t\t\t\t\t<p class=\"elementor-icon-box-description\">Com o desconto o curso fica por apenas R$ 97,00 por\u00e9m s\u00e3o vagas limitadas e depois que acabam o valor volta para R$ 135,00\nLembrando que o aluno s\u00f3 paga a inscri\u00e7\u00e3o e tem direito ao curso completo sem precisar pagar qualquer outra taxa<\/p>\n\t\t\t\t\t\t\t<\/div>\n\t\t<\/div>\n\t\t\t\t<\/div>\n\t\t\t\t<\/div>\n\t\t\t\t<div class=\"elementor-element elementor-element-12228298 elementor-view-default elementor-vertical-align-top elementor-widget elementor-widget-icon-box\" data-id=\"12228298\" data-element_type=\"widget\" data-widget_type=\"icon-box.default\">\n\t\t\t\t<div class=\"elementor-widget-container\">\n\t\t\t\t\t<div class=\"elementor-icon-box-wrapper\">\n\t\t\t\t\t\t<div class=\"elementor-icon-box-content\">\n\t\t\t\t<h3 class=\"elementor-icon-box-title\">\n\t\t\t\t\t<span >Quem pode fazer o curso?<\/span>\n\t\t\t\t<\/h3>\n\t\t\t\t\t\t\t\t<p class=\"elementor-icon-box-description\">O Curso de APH \u00e9 classificado como de categoria livre, sendo assim n\u00e3o exige pr\u00e9-requisitos e qualquer pessoa o pode fazer.\nAconselhamos que seja feito por pessoas que tenham afinidade pela \u00e1rea da sa\u00fade e\/ou resgate.<\/p>\n\t\t\t\t\t\t\t<\/div>\n\t\t<\/div>\n\t\t\t\t<\/div>\n\t\t\t\t<\/div>\n\t\t\t\t<div class=\"elementor-element elementor-element-14a68788 elementor-widget elementor-widget-divider\" data-id=\"14a68788\" data-element_type=\"widget\" data-widget_type=\"divider.default\">\n\t\t\t\t<div class=\"elementor-widget-container\">\n\t\t\t\t\t<div class=\"elementor-divider\">\n\t\t\t<span class=\"elementor-divider-separator\">\n\t\t\t\t\t\t<\/span>\n\t\t<\/div>\n\t\t\t\t<\/div>\n\t\t\t\t<\/div>\n\t\t\t\t<div class=\"elementor-element elementor-element-7e450ba9 elementor-align-center elementor-mobile-align-center elementor-widget elementor-widget-button\" data-id=\"7e450ba9\" data-element_type=\"widget\" data-widget_type=\"button.default\">\n\t\t\t\t<div class=\"elementor-widget-container\">\n\t\t\t\t\t<div class=\"elementor-button-wrapper\">\n\t\t\t<a href=\"https:\/\/ev.braip.com\/checkout\/pla5lepo\/che3mplm?src=pvduvidas-botao\" class=\"elementor-button-link elementor-button elementor-size-xs\" role=\"button\">\n\t\t\t\t\t\t<span class=\"elementor-button-content-wrapper\">\n\t\t\t\t\t\t<span class=\"elementor-button-text\">CLIQUE PARA SE INSCREVER<\/span>\n\t\t<\/span>\n\t\t\t\t\t<\/a>\n\t\t<\/div>\n\t\t\t\t<\/div>\n\t\t\t\t<\/div>\n\t\t\t\t<div class=\"elementor-element elementor-element-5ee2451 elementor-widget elementor-widget-divider\" data-id=\"5ee2451\" data-element_type=\"widget\" data-widget_type=\"divider.default\">\n\t\t\t\t<div class=\"elementor-widget-container\">\n\t\t\t\t\t<div class=\"elementor-divider\">\n\t\t\t<span class=\"elementor-divider-separator\">\n\t\t\t\t\t\t<\/span>\n\t\t<\/div>\n\t\t\t\t<\/div>\n\t\t\t\t<\/div>\n\t\t\t\t<div class=\"elementor-element elementor-element-5ef3e1f elementor-view-default elementor-vertical-align-top elementor-widget elementor-widget-icon-box\" data-id=\"5ef3e1f\" data-element_type=\"widget\" data-widget_type=\"icon-box.default\">\n\t\t\t\t<div class=\"elementor-widget-container\">\n\t\t\t\t\t<div class=\"elementor-icon-box-wrapper\">\n\t\t\t\t\t\t<div class=\"elementor-icon-box-content\">\n\t\t\t\t<h3 class=\"elementor-icon-box-title\">\n\t\t\t\t\t<span >O certificado \u00e9 v\u00e1lido?<\/span>\n\t\t\t\t<\/h3>\n\t\t\t\t\t\t\t\t<p class=\"elementor-icon-box-description\">O curso Online de APH \u00e9 classificado como de categoria livre, cursos pertencentes desta categoria s\u00e3o liberados pelo MEC de acordo com a resolu\u00e7\u00e3o CNE\/CES n\u00ba 3\/2001 e amparados pela Lei de Diretrizes e Bases da Educa\u00e7\u00e3o n\u00ba 9.394. Sendo assim seu certificado \u00e9 v\u00e1lido em todo o territ\u00f3rio nacional.<\/p>\n\t\t\t\t\t\t\t<\/div>\n\t\t<\/div>\n\t\t\t\t<\/div>\n\t\t\t\t<\/div>\n\t\t\t\t<div class=\"elementor-element elementor-element-4397e174 elementor-widget elementor-widget-image\" data-id=\"4397e174\" data-element_type=\"widget\" data-widget_type=\"image.default\">\n\t\t\t\t<div class=\"elementor-widget-container\">\n\t\t\t\t\t<div class=\"elementor-image\">\n\t\t\t\t\t\t\t\t\t\t\t<a href=\"https:\/\/ev.braip.com\/checkout\/pla5lepo\/che3mplm?src=pvduvidas-botao\">\n\t\t\t\t\t\t\t<img loading=\"lazy\" width=\"1080\" height=\"586\" src=\"https:\/\/emergencia1.com\/treinamentos\/wp-content\/uploads\/2020\/10\/cartificado-e-carteirinha.png\" class=\"attachment-full size-full\" alt=\"\" decoding=\"async\" srcset=\"https:\/\/emergencia1.com\/treinamentos\/wp-content\/uploads\/2020\/10\/cartificado-e-carteirinha.png 1080w, https:\/\/emergencia1.com\/treinamentos\/wp-content\/uploads\/2020\/10\/cartificado-e-carteirinha-300x163.png 300w, https:\/\/emergencia1.com\/treinamentos\/wp-content\/uploads\/2020\/10\/cartificado-e-carteirinha-1024x556.png 1024w, https:\/\/emergencia1.com\/treinamentos\/wp-content\/uploads\/2020\/10\/cartificado-e-carteirinha-768x417.png 768w\" sizes=\"(max-width: 1080px) 100vw, 1080px\" \/>\t\t\t\t\t\t\t\t<\/a>\n\t\t\t\t\t\t\t\t\t\t\t<\/div>\n\t\t\t\t<\/div>\n\t\t\t\t<\/div>\n\t\t\t\t<div class=\"elementor-element elementor-element-1b1fd81 elementor-view-default elementor-vertical-align-top elementor-widget elementor-widget-icon-box\" data-id=\"1b1fd81\" data-element_type=\"widget\" data-widget_type=\"icon-box.default\">\n\t\t\t\t<div class=\"elementor-widget-container\">\n\t\t\t\t\t<div class=\"elementor-icon-box-wrapper\">\n\t\t\t\t\t\t<div class=\"elementor-icon-box-content\">\n\t\t\t\t<h3 class=\"elementor-icon-box-title\">\n\t\t\t\t\t<span >Como funciona o curso?<\/span>\n\t\t\t\t<\/h3>\n\t\t\t\t\t\t\t\t<p class=\"elementor-icon-box-description\">Todo o material do curso (v\u00eddeo aulas, apostilas e outros materiais complementares) s\u00e3o inseridos em uma plataforma EAD que pode ser acessado pelo aluno a qualquer momento, a plataforma EAD tamb\u00e9m oferece um aplicativo para o celular (Android e IOS)<\/p>\n\t\t\t\t\t\t\t<\/div>\n\t\t<\/div>\n\t\t\t\t<\/div>\n\t\t\t\t<\/div>\n\t\t\t\t<div class=\"elementor-element elementor-element-7153b2ae elementor-view-default elementor-vertical-align-top elementor-widget elementor-widget-icon-box\" data-id=\"7153b2ae\" data-element_type=\"widget\" data-widget_type=\"icon-box.default\">\n\t\t\t\t<div class=\"elementor-widget-container\">\n\t\t\t\t\t<div class=\"elementor-icon-box-wrapper\">\n\t\t\t\t\t\t<div class=\"elementor-icon-box-content\">\n\t\t\t\t<h3 class=\"elementor-icon-box-title\">\n\t\t\t\t\t<span >Carga hor\u00e1ria do curso?<\/span>\n\t\t\t\t<\/h3>\n\t\t\t\t\t\t\t\t<p class=\"elementor-icon-box-description\">O de Atualiza\u00e7\u00e3o em APH te carga hor\u00e1ria de 80 horas. Ocurso de SBV+DEA que vai de b\u00f4nus (enquanto durar a promo\u00e7\u00e3o) tem carga hor\u00e1ria de 40 horas. Para os demais cursos basta entra na p\u00e1gina do curso desejado que ter\u00e1 esta informa\u00e7\u00e3o.<\/p>\n\t\t\t\t\t\t\t<\/div>\n\t\t<\/div>\n\t\t\t\t<\/div>\n\t\t\t\t<\/div>\n\t\t\t\t<div class=\"elementor-element elementor-element-4403931c elementor-view-default elementor-vertical-align-top elementor-widget elementor-widget-icon-box\" data-id=\"4403931c\" data-element_type=\"widget\" data-widget_type=\"icon-box.default\">\n\t\t\t\t<div class=\"elementor-widget-container\">\n\t\t\t\t\t<div class=\"elementor-icon-box-wrapper\">\n\t\t\t\t\t\t<div class=\"elementor-icon-box-content\">\n\t\t\t\t<h3 class=\"elementor-icon-box-title\">\n\t\t\t\t\t<span >Formas de pagamento? Paga s\u00f3 a inscri\u00e7\u00e3o ou mensalmente?<\/span>\n\t\t\t\t<\/h3>\n\t\t\t\t\t\t\t\t<p class=\"elementor-icon-box-description\">O curso pode ser pago por Cart\u00e3o de Cr\u00e9dito (em at\u00e9 X9 vezes) ou Boleto. \n- O Aluno escolhe na hora da inscri\u00e7\u00e3o o m\u00e9todo do pagamento. \n- O pagamento \u00e9 \u00fanico (n\u00e3o haver\u00e1 outras cobran\u00e7as ap\u00f3s a inscri\u00e7\u00e3o) e o aluno tem direito a todo o curso e certificado ap\u00f3s a conclus\u00e3o sem nenhuma taxa adicional.<\/p>\n\t\t\t\t\t\t\t<\/div>\n\t\t<\/div>\n\t\t\t\t<\/div>\n\t\t\t\t<\/div>\n\t\t\t\t<div class=\"elementor-element elementor-element-482d4bfe elementor-view-default elementor-vertical-align-top elementor-widget elementor-widget-icon-box\" data-id=\"482d4bfe\" data-element_type=\"widget\" data-widget_type=\"icon-box.default\">\n\t\t\t\t<div class=\"elementor-widget-container\">\n\t\t\t\t\t<div class=\"elementor-icon-box-wrapper\">\n\t\t\t\t\t\t<div class=\"elementor-icon-box-content\">\n\t\t\t\t<h3 class=\"elementor-icon-box-title\">\n\t\t\t\t\t<span >Como recebo os dados de acesso ao Portal EAD?<\/span>\n\t\t\t\t<\/h3>\n\t\t\t\t\t\t\t\t<p class=\"elementor-icon-box-description\">- Compras por cart\u00e3o de cr\u00e9dito: O aluno recebe no mesmo instante seu acesso por e-mail e j\u00e1 pode come\u00e7ar a estudar;\n- Compras por Boleto: O boleto leva em torno de 1 a 3 dias para ter seu pagamento confirmado e assim ele receber\u00e1 seu acesso por e-mail, por\u00e9m para antecipar o acesso basta o aluno enviar o comprovante do pagamento para o suporte via WhatsApp.<\/p>\n\t\t\t\t\t\t\t<\/div>\n\t\t<\/div>\n\t\t\t\t<\/div>\n\t\t\t\t<\/div>\n\t\t\t\t<div class=\"elementor-element elementor-element-731e24be elementor-view-default elementor-vertical-align-top elementor-widget elementor-widget-icon-box\" data-id=\"731e24be\" data-element_type=\"widget\" data-widget_type=\"icon-box.default\">\n\t\t\t\t<div class=\"elementor-widget-container\">\n\t\t\t\t\t<div class=\"elementor-icon-box-wrapper\">\n\t\t\t\t\t\t<div class=\"elementor-icon-box-content\">\n\t\t\t\t<h3 class=\"elementor-icon-box-title\">\n\t\t\t\t\t<span >Como se inscrever?<\/span>\n\t\t\t\t<\/h3>\n\t\t\t\t\t\t\t\t<p class=\"elementor-icon-box-description\">A inscri\u00e7\u00e3o \u00e9 diretamente pelo portal do curso, pode clicar no bot\u00e3o abaixo ou voltar para a p\u00e1gina inicial do curso (bot\u00e3o no final desta p\u00e1gina)<\/p>\n\t\t\t\t\t\t\t<\/div>\n\t\t<\/div>\n\t\t\t\t<\/div>\n\t\t\t\t<\/div>\n\t\t\t\t<div class=\"elementor-element elementor-element-4fa07e48 elementor-widget elementor-widget-divider\" data-id=\"4fa07e48\" data-element_type=\"widget\" data-widget_type=\"divider.default\">\n\t\t\t\t<div class=\"elementor-widget-container\">\n\t\t\t\t\t<div class=\"elementor-divider\">\n\t\t\t<span class=\"elementor-divider-separator\">\n\t\t\t\t\t\t<\/span>\n\t\t<\/div>\n\t\t\t\t<\/div>\n\t\t\t\t<\/div>\n\t\t\t\t<div class=\"elementor-element elementor-element-2ec7eabe elementor-align-center elementor-mobile-align-center elementor-widget elementor-widget-button\" data-id=\"2ec7eabe\" data-element_type=\"widget\" data-widget_type=\"button.default\">\n\t\t\t\t<div class=\"elementor-widget-container\">\n\t\t\t\t\t<div class=\"elementor-button-wrapper\">\n\t\t\t<a href=\"https:\/\/ev.braip.com\/checkout\/pla5lepo\/che3mplm?src=pvduvidas-botao\" class=\"elementor-button-link elementor-button elementor-size-xs\" role=\"button\">\n\t\t\t\t\t\t<span class=\"elementor-button-content-wrapper\">\n\t\t\t\t\t\t<span class=\"elementor-button-text\">CLIQUE PARA SE INSCREVER<\/span>\n\t\t<\/span>\n\t\t\t\t\t<\/a>\n\t\t<\/div>\n\t\t\t\t<\/div>\n\t\t\t\t<\/div>\n\t\t\t\t<div class=\"elementor-element elementor-element-7c361731 elementor-widget elementor-widget-divider\" data-id=\"7c361731\" data-element_type=\"widget\" data-widget_type=\"divider.default\">\n\t\t\t\t<div class=\"elementor-widget-container\">\n\t\t\t\t\t<div class=\"elementor-divider\">\n\t\t\t<span class=\"elementor-divider-separator\">\n\t\t\t\t\t\t<\/span>\n\t\t<\/div>\n\t\t\t\t<\/div>\n\t\t\t\t<\/div>\n\t\t\t\t<div class=\"elementor-element elementor-element-65a481b3 elementor-view-default elementor-vertical-align-top elementor-widget elementor-widget-icon-box\" data-id=\"65a481b3\" data-element_type=\"widget\" data-widget_type=\"icon-box.default\">\n\t\t\t\t<div class=\"elementor-widget-container\">\n\t\t\t\t\t<div class=\"elementor-icon-box-wrapper\">\n\t\t\t\t\t\t<div class=\"elementor-icon-box-content\">\n\t\t\t\t<h3 class=\"elementor-icon-box-title\">\n\t\t\t\t\t<span >Prazo para conclus\u00e3o do curso?<\/span>\n\t\t\t\t<\/h3>\n\t\t\t\t\t\t\t\t<p class=\"elementor-icon-box-description\">Da inscri\u00e7\u00e3o do curso o aluno tem um prazo de um ano para acesso ao portal do curso, o prazo para conclus\u00e3o ir\u00e1 depender do tempo que o aluno ir\u00e1 destinar para os estudos, normalmente os alunos demoram em torno de 1 a 2 semanas para conclus\u00e3o. Mesmo ap\u00f3s concluir o aluno pode rever as aulas quantas vezes quiser e acompanhar os materiais que v\u00e3o sendo inseridos com o tempo (dentro do prazo de um ano).<\/p>\n\t\t\t\t\t\t\t<\/div>\n\t\t<\/div>\n\t\t\t\t<\/div>\n\t\t\t\t<\/div>\n\t\t\t\t<div class=\"elementor-element elementor-element-e0793c7 elementor-view-default elementor-vertical-align-top elementor-widget elementor-widget-icon-box\" data-id=\"e0793c7\" data-element_type=\"widget\" data-widget_type=\"icon-box.default\">\n\t\t\t\t<div class=\"elementor-widget-container\">\n\t\t\t\t\t<div class=\"elementor-icon-box-wrapper\">\n\t\t\t\t\t\t<div class=\"elementor-icon-box-content\">\n\t\t\t\t<h3 class=\"elementor-icon-box-title\">\n\t\t\t\t\t<span >\u00c9 confi\u00e1vel fazer o curso?<\/span>\n\t\t\t\t<\/h3>\n\t\t\t\t\t\t\t\t<p class=\"elementor-icon-box-description\">Ambos os cursos s\u00e3o produzidos e ministrados pela Emerg\u00eancia 1 Treinamentos (CNPJ: 27.256.721\/0001-13), que \u00e9 uma empresa s\u00e9ria e devidamente registrada com v\u00e1rios profissionais e instrutores com vasta forma\u00e7\u00e3o e experi\u00eancia na \u00e1rea, dentre eles o instrutor e fundador Reneclei de Sousa com mais de 16 anos de experi\u00eancia nas principais portas de atendimento de urg\u00eancia e emerg\u00eancia m\u00e9dicas que v\u00e3o desde o SAMU a grandes Hospitais.\nO valor pago pelo aluno na inscri\u00e7\u00e3o fica retido na plataforma de pagamento e s\u00f3 \u00e9 repassado para o produtor do curso assim que o aluno sinaliza que recebeu o curso, assim evitamos qualquer tipo de golpe.<\/p>\n\t\t\t\t\t\t\t<\/div>\n\t\t<\/div>\n\t\t\t\t<\/div>\n\t\t\t\t<\/div>\n\t\t\t\t<div class=\"elementor-element elementor-element-763a7438 elementor-view-default elementor-vertical-align-top elementor-widget elementor-widget-icon-box\" data-id=\"763a7438\" data-element_type=\"widget\" data-widget_type=\"icon-box.default\">\n\t\t\t\t<div class=\"elementor-widget-container\">\n\t\t\t\t\t<div class=\"elementor-icon-box-wrapper\">\n\t\t\t\t\t\t<div class=\"elementor-icon-box-content\">\n\t\t\t\t<h3 class=\"elementor-icon-box-title\">\n\t\t\t\t\t<span >Tem alguma garantia?<\/span>\n\t\t\t\t<\/h3>\n\t\t\t\t\t\t\t\t<p class=\"elementor-icon-box-description\">Caso o aluno n\u00e3o venha a gostar do curso ou encontre algum problema, ele ter\u00e1 direito a pedir reembolso do valor pago na matr\u00edcula dentro do prazo de 07 dias assim como determina a lei.<\/p>\n\t\t\t\t\t\t\t<\/div>\n\t\t<\/div>\n\t\t\t\t<\/div>\n\t\t\t\t<\/div>\n\t\t\t\t<div class=\"elementor-element elementor-element-7c433b12 elementor-widget elementor-widget-divider\" data-id=\"7c433b12\" data-element_type=\"widget\" data-widget_type=\"divider.default\">\n\t\t\t\t<div class=\"elementor-widget-container\">\n\t\t\t\t\t<div class=\"elementor-divider\">\n\t\t\t<span class=\"elementor-divider-separator\">\n\t\t\t\t\t\t<\/span>\n\t\t<\/div>\n\t\t\t\t<\/div>\n\t\t\t\t<\/div>\n\t\t\t\t<div class=\"elementor-element elementor-element-34ad88bf elementor-widget elementor-widget-heading\" data-id=\"34ad88bf\" data-element_type=\"widget\" data-widget_type=\"heading.default\">\n\t\t\t\t<div class=\"elementor-widget-container\">\n\t\t\t<h3 class=\"elementor-heading-title elementor-size-default\">Explicando como funciona o curso e plataforma EAD<\/h3>\t\t<\/div>\n\t\t\t\t<\/div>\n\t\t\t\t<div class=\"elementor-element elementor-element-43b001ab elementor-aspect-ratio-169 elementor-widget elementor-widget-video\" data-id=\"43b001ab\" data-element_type=\"widget\" data-settings=\"{&quot;aspect_ratio&quot;:&quot;169&quot;}\" data-widget_type=\"video.default\">\n\t\t\t\t<div class=\"elementor-widget-container\">\n\t\t\t\t\t<div class=\"elementor-wrapper elementor-fit-aspect-ratio elementor-open-inline\">\n\t\t\t<iframe class=\"elementor-video-iframe\" allowfullscreen title=\"youtube Video Player\" src=\"https:\/\/www.youtube.com\/embed\/ISOJn-HqSR0?feature=oembed&amp;start&amp;end&amp;wmode=opaque&amp;loop=0&amp;controls=1&amp;mute=0&amp;rel=0&amp;modestbranding=0\"><\/iframe>\t\t<\/div>\n\t\t\t\t<\/div>\n\t\t\t\t<\/div>\n\t\t\t\t<div class=\"elementor-element elementor-element-41c840c1 elementor-widget elementor-widget-divider\" data-id=\"41c840c1\" data-element_type=\"widget\" data-widget_type=\"divider.default\">\n\t\t\t\t<div class=\"elementor-widget-container\">\n\t\t\t\t\t<div class=\"elementor-divider\">\n\t\t\t<span class=\"elementor-divider-separator\">\n\t\t\t\t\t\t<\/span>\n\t\t<\/div>\n\t\t\t\t<\/div>\n\t\t\t\t<\/div>\n\t\t\t\t\t\t<\/div>\n\t\t\t<\/div>\n\t\t<\/div>\n\t\t\t\t\t\t<\/div>\n\t\t\t<\/div>\n\t\t<\/section>\n\t\t\t\t<section class=\"elementor-element elementor-element-38331d49 elementor-section-boxed elementor-section-height-default elementor-section-height-default elementor-section elementor-top-section\" data-id=\"38331d49\" data-element_type=\"section\">\n\t\t\t\t\t\t<div class=\"elementor-container elementor-column-gap-default\">\n\t\t\t\t<div class=\"elementor-row\">\n\t\t\t\t<div class=\"elementor-element elementor-element-45adc9f7 elementor-column elementor-col-100 elementor-top-column\" data-id=\"45adc9f7\" data-element_type=\"column\">\n\t\t\t<div class=\"elementor-column-wrap  elementor-element-populated\">\n\t\t\t\t\t<div class=\"elementor-widget-wrap\">\n\t\t\t\t<div class=\"elementor-element elementor-element-48fc780 elementor-align-center elementor-mobile-align-center elementor-widget elementor-widget-button\" data-id=\"48fc780\" data-element_type=\"widget\" data-widget_type=\"button.default\">\n\t\t\t\t<div class=\"elementor-widget-container\">\n\t\t\t\t\t<div class=\"elementor-button-wrapper\">\n\t\t\t<a href=\"https:\/\/cursodeaph.com\/80horas\/\" class=\"elementor-button-link elementor-button elementor-size-md\" role=\"button\">\n\t\t\t\t\t\t<span class=\"elementor-button-content-wrapper\">\n\t\t\t\t\t\t<span class=\"elementor-button-text\">V\u00c1 PARA A P\u00c1GINA DO CURSO CLICANDO AQUI<\/span>\n\t\t<\/span>\n\t\t\t\t\t<\/a>\n\t\t<\/div>\n\t\t\t\t<\/div>\n\t\t\t\t<\/div>\n\t\t\t\t\t\t<\/div>\n\t\t\t<\/div>\n\t\t<\/div>\n\t\t\t\t\t\t<\/div>\n\t\t\t<\/div>\n\t\t<\/section>\n\t\t\t\t<section class=\"elementor-element elementor-element-101d581 elementor-section-boxed elementor-section-height-default elementor-section-height-default elementor-section elementor-top-section\" data-id=\"101d581\" data-element_type=\"section\" data-settings=\"{&quot;background_background&quot;:&quot;classic&quot;}\">\n\t\t\t\t\t\t<div class=\"elementor-container elementor-column-gap-default\">\n\t\t\t\t<div class=\"elementor-row\">\n\t\t\t\t<div class=\"elementor-element elementor-element-14b600a9 elementor-column elementor-col-100 elementor-top-column\" data-id=\"14b600a9\" data-element_type=\"column\">\n\t\t\t<div class=\"elementor-column-wrap  elementor-element-populated\">\n\t\t\t\t\t<div class=\"elementor-widget-wrap\">\n\t\t\t\t<div class=\"elementor-element elementor-element-2ad3b7e5 elementor-widget elementor-widget-image\" data-id=\"2ad3b7e5\" data-element_type=\"widget\" data-widget_type=\"image.default\">\n\t\t\t\t<div class=\"elementor-widget-container\">\n\t\t\t\t\t<div class=\"elementor-image\">\n\t\t\t\t\t\t\t\t\t\t<img loading=\"lazy\" width=\"300\" height=\"132\" src=\"https:\/\/emergencia1.com\/treinamentos\/wp-content\/uploads\/2020\/10\/E1T-300x132.png\" class=\"attachment-medium size-medium\" alt=\"\" decoding=\"async\" srcset=\"https:\/\/emergencia1.com\/treinamentos\/wp-content\/uploads\/2020\/10\/E1T-300x132.png 300w, https:\/\/emergencia1.com\/treinamentos\/wp-content\/uploads\/2020\/10\/E1T.png 408w\" sizes=\"(max-width: 300px) 100vw, 300px\" \/>\t\t\t\t\t\t\t\t\t\t\t<\/div>\n\t\t\t\t<\/div>\n\t\t\t\t<\/div>\n\t\t\t\t<div class=\"elementor-element elementor-element-69cb1af4 elementor-widget elementor-widget-divider\" data-id=\"69cb1af4\" data-element_type=\"widget\" data-widget_type=\"divider.default\">\n\t\t\t\t<div class=\"elementor-widget-container\">\n\t\t\t\t\t<div class=\"elementor-divider\">\n\t\t\t<span class=\"elementor-divider-separator\">\n\t\t\t\t\t\t<\/span>\n\t\t<\/div>\n\t\t\t\t<\/div>\n\t\t\t\t<\/div>\n\t\t\t\t\t\t<\/div>\n\t\t\t<\/div>\n\t\t<\/div>\n\t\t\t\t\t\t<\/div>\n\t\t\t<\/div>\n\t\t<\/section>\n\t\t\t\t\t\t<\/div>\n\t\t\t<\/div>\n\t\t<\/div>\n\t\t","protected":false},"excerpt":{"rendered":"<p>Tire suas d\u00favidas! POR FAVOR, LEIA COM ATEN\u00c7\u00c3O Quando o curso come\u00e7a, e como recebo o certificado? O curso j\u00e1 se encontra na plataforma EAD, quando o aluno confirma sua inscri\u00e7\u00e3o ele recebe seu acesso e j\u00e1 pode come\u00e7ar a estudar e assim que completar todos os m\u00f3dulos o certificado e carteirinha ficam dispon\u00edveis para [&hellip;]<\/p>\n","protected":false},"author":1,"featured_media":0,"parent":0,"menu_order":0,"comment_status":"closed","ping_status":"closed","template":"elementor_canvas","meta":{"footnotes":""},"_links":{"self":[{"href":"https:\/\/emergencia1.com\/treinamentos\/wp-json\/wp\/v2\/pages\/842"}],"collection":[{"href":"https:\/\/emergencia1.com\/treinamentos\/wp-json\/wp\/v2\/pages"}],"about":[{"href":"https:\/\/emergencia1.com\/treinamentos\/wp-json\/wp\/v2\/types\/page"}],"author":[{"embeddable":true,"href":"https:\/\/emergencia1.com\/treinamentos\/wp-json\/wp\/v2\/users\/1"}],"replies":[{"embeddable":true,"href":"https:\/\/emergencia1.com\/treinamentos\/wp-json\/wp\/v2\/comments?post=842"}],"version-history":[{"count":10,"href":"https:\/\/emergencia1.com\/treinamentos\/wp-json\/wp\/v2\/pages\/842\/revisions"}],"predecessor-version":[{"id":859,"href":"https:\/\/emergencia1.com\/treinamentos\/wp-json\/wp\/v2\/pages\/842\/revisions\/859"}],"wp:attachment":[{"href":"https:\/\/emergencia1.com\/treinamentos\/wp-json\/wp\/v2\/media?parent=842"}],"curies":[{"name":"wp","href":"https:\/\/api.w.org\/{rel}","templated":true}]}}